

{"id":600,"date":"2017-11-20T08:39:03","date_gmt":"2017-11-20T08:39:03","guid":{"rendered":"https:\/\/skaitmeninestatyba.lt\/apie-mus\/"},"modified":"2025-11-28T12:58:21","modified_gmt":"2025-11-28T10:58:21","slug":"about-us","status":"publish","type":"page","link":"https:\/\/skaitmeninestatyba.lt\/en\/about-us\/","title":{"rendered":"About us"},"content":{"rendered":"<p>Public institution \u201cSkaitmenine statyba\u201d (\u201c<em>Digital Construction<\/em>\u201d) is an organization that joins associations of Lithuanian construction sector and coordinates the digitalization process of Lithuanian construction.<\/p>\n<p>&#8220;Skaitmenin\u0117 statyba&#8221; &#8211; observer at buildingSMART Nordic.<\/p>\n<p>Founded on March 5, 2014 by 13 associations.<\/p>\n<hr \/>\n<h3>Activity<\/h3>\n<ul>\n<li><em>Klasifikavimo sistemos k\u016brimas<\/em><\/li>\n<li><em>Sektoriaus poreikio formavimas<\/em><\/li>\n<li><em>Pirkim\u0173 reikalavim\u0173 k\u016brimas<\/em><\/li>\n<li><em>\u0160vietimo renginiai ir kt.<\/em><\/li>\n<li><em>Ger\u0173j\u0173 praktik\u0173 paie\u0161ka<\/em><\/li>\n<\/ul>\n<hr \/>\n<h3>Shareholders<\/h3>\n<ul>\n<li>Lithuanian Builders Association<\/li>\n<li>Lithuanian Roads Association<\/li>\n<li>Lithuanian Association of Consulting Companies<\/li>\n<li>Lithuanian Architects Chamber<\/li>\n<li>Lithuanian Association of Civil Engineers<\/li>\n<li>Lithuanian Electricity Association<\/li>\n<li>Lithuanian Association of Land Reclamation Enterprises<\/li>\n<li>National Passive House Association<\/li>\n<li>Project Expertise and Fire Safety Companies Association<\/li>\n<li>Association of Buildings Certification Experts<\/li>\n<li>Building Product Testing Laboratory Association<\/li>\n<li>\u201cStructural engineers club\u201d<\/li>\n<li>Lithuanian EPS Association<\/li>\n<\/ul>\n<hr \/>\n<h3>Lithuanian BIM Team<\/h3>\n<p><em>Pildoma<\/em><\/p>\n<hr \/>\n<p>&nbsp;<\/p>\n","protected":false},"excerpt":{"rendered":"<p>Public institution \u201cSkaitmenine statyba\u201d (\u201cDigital Construction\u201d) is an organization that&#8230;<\/p>\n","protected":false},"author":7,"featured_media":0,"parent":0,"menu_order":1,"comment_status":"closed","ping_status":"closed","template":"","meta":{"footnotes":""},"class_list":["post-600","page","type-page","status-publish","hentry"],"_links":{"self":[{"href":"https:\/\/skaitmeninestatyba.lt\/en\/wp-json\/wp\/v2\/pages\/600","targetHints":{"allow":["GET"]}}],"collection":[{"href":"https:\/\/skaitmeninestatyba.lt\/en\/wp-json\/wp\/v2\/pages"}],"about":[{"href":"https:\/\/skaitmeninestatyba.lt\/en\/wp-json\/wp\/v2\/types\/page"}],"author":[{"embeddable":true,"href":"https:\/\/skaitmeninestatyba.lt\/en\/wp-json\/wp\/v2\/users\/7"}],"replies":[{"embeddable":true,"href":"https:\/\/skaitmeninestatyba.lt\/en\/wp-json\/wp\/v2\/comments?post=600"}],"version-history":[{"count":21,"href":"https:\/\/skaitmeninestatyba.lt\/en\/wp-json\/wp\/v2\/pages\/600\/revisions"}],"predecessor-version":[{"id":2352,"href":"https:\/\/skaitmeninestatyba.lt\/en\/wp-json\/wp\/v2\/pages\/600\/revisions\/2352"}],"wp:attachment":[{"href":"https:\/\/skaitmeninestatyba.lt\/en\/wp-json\/wp\/v2\/media?parent=600"}],"curies":[{"name":"wp","href":"https:\/\/api.w.org\/{rel}","templated":true}]}}